{"id":569,"date":"2018-10-01T13:10:05","date_gmt":"2018-10-01T13:10:05","guid":{"rendered":"https:\/\/lagrotta-restaurant.de\/?page_id=569"},"modified":"2022-07-13T08:07:44","modified_gmt":"2022-07-13T08:07:44","slug":"impressum","status":"publish","type":"page","link":"https:\/\/lagrotta-restaurant.de\/?page_id=569","title":{"rendered":"Impressum"},"content":{"rendered":"\t\t<div data-elementor-type=\"wp-post\" data-elementor-id=\"569\" class=\"elementor elementor-569\">\n\t\t\t\t\t\t<section class=\"elementor-section elementor-top-section elementor-element elementor-element-494f570a elementor-section-height-min-height elementor-section-content-middle elementor-section-boxed elementor-section-height-default elementor-section-items-middle\" data-id=\"494f570a\" data-element_type=\"section\" data-e-type=\"section\" data-settings=\"{&quot;background_background&quot;:&quot;classic&quot;,&quot;shape_divider_bottom&quot;:&quot;triangle&quot;}\">\n\t\t\t\t\t\t\t<div class=\"elementor-background-overlay\"><\/div>\n\t\t\t\t\t\t<div class=\"elementor-shape elementor-shape-bottom\" aria-hidden=\"true\" data-negative=\"false\">\n\t\t\t<svg xmlns=\"http:\/\/www.w3.org\/2000\/svg\" viewBox=\"0 0 1000 100\" preserveAspectRatio=\"none\">\n\t<path class=\"elementor-shape-fill\" d=\"M500,98.9L0,6.1V0h1000v6.1L500,98.9z\"\/>\n<\/svg>\t\t<\/div>\n\t\t\t\t\t<div class=\"elementor-container elementor-column-gap-extended\">\n\t\t\t\t\t<div class=\"elementor-column elementor-col-100 elementor-top-column elementor-element elementor-element-7866b56d\" data-id=\"7866b56d\" data-element_type=\"column\" data-e-type=\"column\">\n\t\t\t<div class=\"elementor-widget-wrap elementor-element-populated\">\n\t\t\t\t\t\t<div class=\"elementor-element elementor-element-2109fd99 elementor-widget elementor-widget-image\" data-id=\"2109fd99\" data-element_type=\"widget\" data-e-type=\"widget\" data-widget_type=\"image.default\">\n\t\t\t\t<div class=\"elementor-widget-container\">\n\t\t\t\t\t\t\t\t\t\t\t\t\t\t\t<img decoding=\"async\" width=\"200\" height=\"35\" src=\"https:\/\/lagrotta-restaurant.de\/wp-content\/uploads\/2022\/07\/divider-free-img-1.png\" class=\"attachment-full size-full wp-image-572\" alt=\"\" \/>\t\t\t\t\t\t\t\t\t\t\t\t\t\t\t<\/div>\n\t\t\t\t<\/div>\n\t\t\t\t<div class=\"elementor-element elementor-element-af74da5 elementor-invisible elementor-widget elementor-widget-heading\" data-id=\"af74da5\" data-element_type=\"widget\" data-e-type=\"widget\" data-settings=\"{&quot;_animation&quot;:&quot;fadeInUp&quot;,&quot;_animation_delay&quot;:200}\" data-widget_type=\"heading.default\">\n\t\t\t\t<div class=\"elementor-widget-container\">\n\t\t\t\t\t<h1 class=\"elementor-heading-title elementor-size-default\">Impressum<\/h1>\t\t\t\t<\/div>\n\t\t\t\t<\/div>\n\t\t\t\t\t<\/div>\n\t\t<\/div>\n\t\t\t\t\t<\/div>\n\t\t<\/section>\n\t\t\t\t<section class=\"elementor-section elementor-top-section elementor-element elementor-element-438be5a1 elementor-section-boxed elementor-section-height-default elementor-section-height-default\" data-id=\"438be5a1\" data-element_type=\"section\" data-e-type=\"section\" data-settings=\"{&quot;background_background&quot;:&quot;gradient&quot;}\">\n\t\t\t\t\t\t<div class=\"elementor-container elementor-column-gap-no\">\n\t\t\t\t\t<div class=\"elementor-column elementor-col-100 elementor-top-column elementor-element elementor-element-7d758eb\" data-id=\"7d758eb\" data-element_type=\"column\" data-e-type=\"column\">\n\t\t\t<div class=\"elementor-widget-wrap elementor-element-populated\">\n\t\t\t\t\t\t<section class=\"elementor-section elementor-inner-section elementor-element elementor-element-8cb8660 elementor-section-content-middle elementor-section-boxed elementor-section-height-default elementor-section-height-default\" data-id=\"8cb8660\" data-element_type=\"section\" data-e-type=\"section\">\n\t\t\t\t\t\t<div class=\"elementor-container elementor-column-gap-default\">\n\t\t\t\t\t<div class=\"elementor-column elementor-col-100 elementor-inner-column elementor-element elementor-element-165d7335\" data-id=\"165d7335\" data-element_type=\"column\" data-e-type=\"column\">\n\t\t\t<div class=\"elementor-widget-wrap elementor-element-populated\">\n\t\t\t\t\t\t<div class=\"elementor-element elementor-element-6b73202e elementor-invisible elementor-widget elementor-widget-heading\" data-id=\"6b73202e\" data-element_type=\"widget\" data-e-type=\"widget\" data-settings=\"{&quot;_animation&quot;:&quot;fadeInDown&quot;}\" data-widget_type=\"heading.default\">\n\t\t\t\t<div class=\"elementor-widget-container\">\n\t\t\t\t\t<h2 class=\"elementor-heading-title elementor-size-default\">La Grotta<\/h2>\t\t\t\t<\/div>\n\t\t\t\t<\/div>\n\t\t\t\t<div class=\"elementor-element elementor-element-2888f3d7 elementor-widget elementor-widget-text-editor\" data-id=\"2888f3d7\" data-element_type=\"widget\" data-e-type=\"widget\" data-widget_type=\"text-editor.default\">\n\t\t\t\t<div class=\"elementor-widget-container\">\n\t\t\t\t\t\t\t\t\tAngaben gem\u00e4\u00df \u00a75 TMG:<br><br>\nPizzeria La Grotta<br>\n\nFalkensteinstra\u00dfe 212\n46047 Oberhausen<br><br>\nTel:  +49 (0)208 888 666<br>\nReservierung t\u00e4glich ab 17:00 Uhr\n +49 (0)208 888 666<br>\nEmail: lagrotta1997@gmail.com\n\n\t\t\t\t\t\t\t\t<\/div>\n\t\t\t\t<\/div>\n\t\t\t\t<div class=\"elementor-element elementor-element-7fbe097b elementor-widget elementor-widget-image\" data-id=\"7fbe097b\" data-element_type=\"widget\" data-e-type=\"widget\" data-widget_type=\"image.default\">\n\t\t\t\t<div class=\"elementor-widget-container\">\n\t\t\t\t\t\t\t\t\t\t\t\t\t\t\t<img decoding=\"async\" width=\"200\" height=\"35\" src=\"https:\/\/lagrotta-restaurant.de\/wp-content\/uploads\/2022\/07\/divider-free-img-1.png\" class=\"attachment-full size-full wp-image-572\" alt=\"\" \/>\t\t\t\t\t\t\t\t\t\t\t\t\t\t\t<\/div>\n\t\t\t\t<\/div>\n\t\t\t\t\t<\/div>\n\t\t<\/div>\n\t\t\t\t\t<\/div>\n\t\t<\/section>\n\t\t\t\t<section class=\"elementor-section elementor-inner-section elementor-element elementor-element-7e55d807 elementor-section-content-middle elementor-section-boxed elementor-section-height-default elementor-section-height-default\" data-id=\"7e55d807\" data-element_type=\"section\" data-e-type=\"section\">\n\t\t\t\t\t\t<div class=\"elementor-container elementor-column-gap-default\">\n\t\t\t\t\t<div class=\"elementor-column elementor-col-100 elementor-inner-column elementor-element elementor-element-3a11dd99\" data-id=\"3a11dd99\" data-element_type=\"column\" data-e-type=\"column\">\n\t\t\t<div class=\"elementor-widget-wrap elementor-element-populated\">\n\t\t\t\t\t\t<div class=\"elementor-element elementor-element-4ec992ac elementor-widget elementor-widget-text-editor\" data-id=\"4ec992ac\" data-element_type=\"widget\" data-e-type=\"widget\" data-widget_type=\"text-editor.default\">\n\t\t\t\t<div class=\"elementor-widget-container\">\n\t\t\t\t\t\t\t\t\tHaftungsausschluss:<br>\n\nTrotz sorgf\u00e4ltiger inhaltlicher Kontrolle \u00fcbernehmen wir keine Haftung f\u00fcr die Inhalte externer Links. F\u00fcr den Inhalt der verlinkten Seiten sind ausschlie\u00dflich deren Betreiber verantwortlich.\t\t\t\t\t\t\t\t<\/div>\n\t\t\t\t<\/div>\n\t\t\t\t<div class=\"elementor-element elementor-element-6c3f8df1 elementor-widget elementor-widget-text-editor\" data-id=\"6c3f8df1\" data-element_type=\"widget\" data-e-type=\"widget\" data-widget_type=\"text-editor.default\">\n\t\t\t\t<div class=\"elementor-widget-container\">\n\t\t\t\t\t\t\t\t\tUrheber- und Kennzeichenrecht:<br>\nAlle innerhalb der Website genannten und ggf. durch Dritte gesch\u00fctzten Marken- und Warenzeichen unterliegen uneingeschr\u00e4nkt den Bestimmungen des jeweils g\u00fcltigen Kennzeichenrechts und den Besitzrechten der jeweiligen eingetragenen Eigent\u00fcmer.\t\t\t\t\t\t\t\t<\/div>\n\t\t\t\t<\/div>\n\t\t\t\t\t<\/div>\n\t\t<\/div>\n\t\t\t\t\t<\/div>\n\t\t<\/section>\n\t\t\t\t\t<\/div>\n\t\t<\/div>\n\t\t\t\t\t<\/div>\n\t\t<\/section>\n\t\t\t\t<\/div>\n\t\t","protected":false},"excerpt":{"rendered":"<p>Impressum La Grotta Angaben gem\u00e4\u00df \u00a75 TMG: Pizzeria La Grotta Falkensteinstra\u00dfe 212 46047 Oberhausen Tel: +49 (0)208 888 666 Reservierung t\u00e4glich ab 17:00 Uhr +49 (0)208 888 666 Email: lagrotta1997@gmail.com Haftungsausschluss: Trotz sorgf\u00e4ltiger inhaltlicher Kontrolle \u00fcbernehmen wir keine Haftung f\u00fcr die Inhalte externer Links. F\u00fcr den Inhalt der verlinkten Seiten sind ausschlie\u00dflich deren Betreiber verantwortlich.Urheber- [&hellip;]<\/p>\n","protected":false},"author":1,"featured_media":755,"parent":0,"menu_order":2,"comment_status":"closed","ping_status":"closed","template":"","meta":{"site-sidebar-layout":"no-sidebar","site-content-layout":"page-builder","ast-site-content-layout":"default","site-content-style":"default","site-sidebar-style":"default","ast-global-header-display":"","ast-banner-title-visibility":"","ast-main-header-display":"","ast-hfb-above-header-display":"","ast-hfb-below-header-display":"","ast-hfb-mobile-header-display":"","site-post-title":"disabled","ast-breadcrumbs-content":"","ast-featured-img":"disabled","footer-sml-layout":"","ast-disable-related-posts":"","theme-transparent-header-meta":"","adv-header-id-meta":"","stick-header-meta":"","header-above-stick-meta":"","header-main-stick-meta":"","header-below-stick-meta":"","astra-migrate-meta-layouts":"default","ast-page-background-enabled":"default","ast-page-background-meta":{"desktop":{"background-color":"","background-image":"","background-repeat":"repeat","background-position":"center center","background-size":"auto","background-attachment":"scroll","background-type":"","background-media":"","overlay-type":"","overlay-color":"","overlay-opacity":"","overlay-gradient":""},"tablet":{"background-color":"","background-image":"","background-repeat":"repeat","background-position":"center center","background-size":"auto","background-attachment":"scroll","background-type":"","background-media":"","overlay-type":"","overlay-color":"","overlay-opacity":"","overlay-gradient":""},"mobile":{"background-color":"","background-image":"","background-repeat":"repeat","background-position":"center center","background-size":"auto","background-attachment":"scroll","background-type":"","background-media":"","overlay-type":"","overlay-color":"","overlay-opacity":"","overlay-gradient":""}},"ast-content-background-meta":{"desktop":{"background-color":"var(--ast-global-color-5)","background-image":"","background-repeat":"repeat","background-position":"center center","background-size":"auto","background-attachment":"scroll","background-type":"","background-media":"","overlay-type":"","overlay-color":"","overlay-opacity":"","overlay-gradient":""},"tablet":{"background-color":"var(--ast-global-color-5)","background-image":"","background-repeat":"repeat","background-position":"center center","background-size":"auto","background-attachment":"scroll","background-type":"","background-media":"","overlay-type":"","overlay-color":"","overlay-opacity":"","overlay-gradient":""},"mobile":{"background-color":"var(--ast-global-color-5)","background-image":"","background-repeat":"repeat","background-position":"center center","background-size":"auto","background-attachment":"scroll","background-type":"","background-media":"","overlay-type":"","overlay-color":"","overlay-opacity":"","overlay-gradient":""}},"footnotes":""},"class_list":["post-569","page","type-page","status-publish","has-post-thumbnail","hentry"],"yoast_head":"<!-- This site is optimized with the Yoast SEO plugin v27.4 - https:\/\/yoast.com\/product\/yoast-seo-wordpress\/ -->\n<title>Impressum - La Grotta Restaurant<\/title>\n<meta name=\"description\" content=\"La Grotta Angaben gem\u00e4\u00df \u00a75 TMG:Pizzeria La Grotta Falkensteinstra\u00dfe 212 46047 OberhausenTel: +49 (0)208 888 666 Reservierung t\u00e4glich ab 17:00 Uhr +49 (0)208 888 666 Email: bestellungen@lagrotta-restaurant.de\" \/>\n<meta name=\"robots\" content=\"index, follow, max-snippet:-1, max-image-preview:large, max-video-preview:-1\" \/>\n<link rel=\"canonical\" href=\"https:\/\/lagrotta-restaurant.de\/?page_id=569\" \/>\n<meta property=\"og:locale\" content=\"de_DE\" \/>\n<meta property=\"og:type\" content=\"article\" \/>\n<meta property=\"og:title\" content=\"Impressum - La Grotta Restaurant\" \/>\n<meta property=\"og:description\" content=\"La Grotta Angaben gem\u00e4\u00df \u00a75 TMG:Pizzeria La Grotta Falkensteinstra\u00dfe 212 46047 OberhausenTel: +49 (0)208 888 666 Reservierung t\u00e4glich ab 17:00 Uhr +49 (0)208 888 666 Email: bestellungen@lagrotta-restaurant.de\" \/>\n<meta property=\"og:url\" content=\"https:\/\/lagrotta-restaurant.de\/?page_id=569\" \/>\n<meta property=\"og:site_name\" content=\"La Grotta Restaurant\" \/>\n<meta property=\"article:publisher\" content=\"https:\/\/www.facebook.com\/Lagrottaoberhausen\" \/>\n<meta property=\"article:modified_time\" content=\"2022-07-13T08:07:44+00:00\" \/>\n<meta property=\"og:image\" content=\"https:\/\/lagrotta-restaurant.de\/wp-content\/uploads\/2022\/07\/cropped-la-grotta-logo.jpg\" \/>\n\t<meta property=\"og:image:width\" content=\"889\" \/>\n\t<meta property=\"og:image:height\" content=\"900\" \/>\n\t<meta property=\"og:image:type\" content=\"image\/jpeg\" \/>\n<meta name=\"twitter:card\" content=\"summary_large_image\" \/>\n<meta name=\"twitter:label1\" content=\"Gesch\u00e4tzte Lesezeit\" \/>\n\t<meta name=\"twitter:data1\" content=\"1\u00a0Minute\" \/>\n<script type=\"application\/ld+json\" class=\"yoast-schema-graph\">{\"@context\":\"https:\\\/\\\/schema.org\",\"@graph\":[{\"@type\":\"WebPage\",\"@id\":\"https:\\\/\\\/lagrotta-restaurant.de\\\/?page_id=569\",\"url\":\"https:\\\/\\\/lagrotta-restaurant.de\\\/?page_id=569\",\"name\":\"Impressum - La Grotta Restaurant\",\"isPartOf\":{\"@id\":\"https:\\\/\\\/lagrotta-restaurant.de\\\/#website\"},\"primaryImageOfPage\":{\"@id\":\"https:\\\/\\\/lagrotta-restaurant.de\\\/?page_id=569#primaryimage\"},\"image\":{\"@id\":\"https:\\\/\\\/lagrotta-restaurant.de\\\/?page_id=569#primaryimage\"},\"thumbnailUrl\":\"https:\\\/\\\/lagrotta-restaurant.de\\\/wp-content\\\/uploads\\\/2022\\\/07\\\/cropped-la-grotta-logo.jpg\",\"datePublished\":\"2018-10-01T13:10:05+00:00\",\"dateModified\":\"2022-07-13T08:07:44+00:00\",\"description\":\"La Grotta Angaben gem\u00e4\u00df \u00a75 TMG:Pizzeria La Grotta Falkensteinstra\u00dfe 212 46047 OberhausenTel: +49 (0)208 888 666 Reservierung t\u00e4glich ab 17:00 Uhr +49 (0)208 888 666 Email: bestellungen@lagrotta-restaurant.de\",\"breadcrumb\":{\"@id\":\"https:\\\/\\\/lagrotta-restaurant.de\\\/?page_id=569#breadcrumb\"},\"inLanguage\":\"de\",\"potentialAction\":[{\"@type\":\"ReadAction\",\"target\":[\"https:\\\/\\\/lagrotta-restaurant.de\\\/?page_id=569\"]}]},{\"@type\":\"ImageObject\",\"inLanguage\":\"de\",\"@id\":\"https:\\\/\\\/lagrotta-restaurant.de\\\/?page_id=569#primaryimage\",\"url\":\"https:\\\/\\\/lagrotta-restaurant.de\\\/wp-content\\\/uploads\\\/2022\\\/07\\\/cropped-la-grotta-logo.jpg\",\"contentUrl\":\"https:\\\/\\\/lagrotta-restaurant.de\\\/wp-content\\\/uploads\\\/2022\\\/07\\\/cropped-la-grotta-logo.jpg\",\"width\":889,\"height\":900},{\"@type\":\"BreadcrumbList\",\"@id\":\"https:\\\/\\\/lagrotta-restaurant.de\\\/?page_id=569#breadcrumb\",\"itemListElement\":[{\"@type\":\"ListItem\",\"position\":1,\"name\":\"Home\",\"item\":\"https:\\\/\\\/lagrotta-restaurant.de\\\/\"},{\"@type\":\"ListItem\",\"position\":2,\"name\":\"Impressum\"}]},{\"@type\":\"WebSite\",\"@id\":\"https:\\\/\\\/lagrotta-restaurant.de\\\/#website\",\"url\":\"https:\\\/\\\/lagrotta-restaurant.de\\\/\",\"name\":\"La Grotta Restaurant\",\"description\":\"Im italienischen Restaurant La Grotta in Oberhausen genie\u00dfen Sie italienische Spezialit\u00e4ten in einem Ambiente mit mediterranem Flair.\",\"publisher\":{\"@id\":\"https:\\\/\\\/lagrotta-restaurant.de\\\/#organization\"},\"potentialAction\":[{\"@type\":\"SearchAction\",\"target\":{\"@type\":\"EntryPoint\",\"urlTemplate\":\"https:\\\/\\\/lagrotta-restaurant.de\\\/?s={search_term_string}\"},\"query-input\":{\"@type\":\"PropertyValueSpecification\",\"valueRequired\":true,\"valueName\":\"search_term_string\"}}],\"inLanguage\":\"de\"},{\"@type\":\"Organization\",\"@id\":\"https:\\\/\\\/lagrotta-restaurant.de\\\/#organization\",\"name\":\"La Grotta Restaurant\",\"url\":\"https:\\\/\\\/lagrotta-restaurant.de\\\/\",\"logo\":{\"@type\":\"ImageObject\",\"inLanguage\":\"de\",\"@id\":\"https:\\\/\\\/lagrotta-restaurant.de\\\/#\\\/schema\\\/logo\\\/image\\\/\",\"url\":\"https:\\\/\\\/lagrotta-restaurant.de\\\/wp-content\\\/uploads\\\/2022\\\/07\\\/cropped-la-grotta-logo.jpg\",\"contentUrl\":\"https:\\\/\\\/lagrotta-restaurant.de\\\/wp-content\\\/uploads\\\/2022\\\/07\\\/cropped-la-grotta-logo.jpg\",\"width\":889,\"height\":900,\"caption\":\"La Grotta Restaurant\"},\"image\":{\"@id\":\"https:\\\/\\\/lagrotta-restaurant.de\\\/#\\\/schema\\\/logo\\\/image\\\/\"},\"sameAs\":[\"https:\\\/\\\/www.facebook.com\\\/Lagrottaoberhausen\",\"https:\\\/\\\/www.instagram.com\\\/lagrotta_ristorante\\\/\"]}]}<\/script>\n<!-- \/ Yoast SEO plugin. -->","yoast_head_json":{"title":"Impressum - La Grotta Restaurant","description":"La Grotta Angaben gem\u00e4\u00df \u00a75 TMG:Pizzeria La Grotta Falkensteinstra\u00dfe 212 46047 OberhausenTel: +49 (0)208 888 666 Reservierung t\u00e4glich ab 17:00 Uhr +49 (0)208 888 666 Email: bestellungen@lagrotta-restaurant.de","robots":{"index":"index","follow":"follow","max-snippet":"max-snippet:-1","max-image-preview":"max-image-preview:large","max-video-preview":"max-video-preview:-1"},"canonical":"https:\/\/lagrotta-restaurant.de\/?page_id=569","og_locale":"de_DE","og_type":"article","og_title":"Impressum - La Grotta Restaurant","og_description":"La Grotta Angaben gem\u00e4\u00df \u00a75 TMG:Pizzeria La Grotta Falkensteinstra\u00dfe 212 46047 OberhausenTel: +49 (0)208 888 666 Reservierung t\u00e4glich ab 17:00 Uhr +49 (0)208 888 666 Email: bestellungen@lagrotta-restaurant.de","og_url":"https:\/\/lagrotta-restaurant.de\/?page_id=569","og_site_name":"La Grotta Restaurant","article_publisher":"https:\/\/www.facebook.com\/Lagrottaoberhausen","article_modified_time":"2022-07-13T08:07:44+00:00","og_image":[{"width":889,"height":900,"url":"https:\/\/lagrotta-restaurant.de\/wp-content\/uploads\/2022\/07\/cropped-la-grotta-logo.jpg","type":"image\/jpeg"}],"twitter_card":"summary_large_image","twitter_misc":{"Gesch\u00e4tzte Lesezeit":"1\u00a0Minute"},"schema":{"@context":"https:\/\/schema.org","@graph":[{"@type":"WebPage","@id":"https:\/\/lagrotta-restaurant.de\/?page_id=569","url":"https:\/\/lagrotta-restaurant.de\/?page_id=569","name":"Impressum - La Grotta Restaurant","isPartOf":{"@id":"https:\/\/lagrotta-restaurant.de\/#website"},"primaryImageOfPage":{"@id":"https:\/\/lagrotta-restaurant.de\/?page_id=569#primaryimage"},"image":{"@id":"https:\/\/lagrotta-restaurant.de\/?page_id=569#primaryimage"},"thumbnailUrl":"https:\/\/lagrotta-restaurant.de\/wp-content\/uploads\/2022\/07\/cropped-la-grotta-logo.jpg","datePublished":"2018-10-01T13:10:05+00:00","dateModified":"2022-07-13T08:07:44+00:00","description":"La Grotta Angaben gem\u00e4\u00df \u00a75 TMG:Pizzeria La Grotta Falkensteinstra\u00dfe 212 46047 OberhausenTel: +49 (0)208 888 666 Reservierung t\u00e4glich ab 17:00 Uhr +49 (0)208 888 666 Email: bestellungen@lagrotta-restaurant.de","breadcrumb":{"@id":"https:\/\/lagrotta-restaurant.de\/?page_id=569#breadcrumb"},"inLanguage":"de","potentialAction":[{"@type":"ReadAction","target":["https:\/\/lagrotta-restaurant.de\/?page_id=569"]}]},{"@type":"ImageObject","inLanguage":"de","@id":"https:\/\/lagrotta-restaurant.de\/?page_id=569#primaryimage","url":"https:\/\/lagrotta-restaurant.de\/wp-content\/uploads\/2022\/07\/cropped-la-grotta-logo.jpg","contentUrl":"https:\/\/lagrotta-restaurant.de\/wp-content\/uploads\/2022\/07\/cropped-la-grotta-logo.jpg","width":889,"height":900},{"@type":"BreadcrumbList","@id":"https:\/\/lagrotta-restaurant.de\/?page_id=569#breadcrumb","itemListElement":[{"@type":"ListItem","position":1,"name":"Home","item":"https:\/\/lagrotta-restaurant.de\/"},{"@type":"ListItem","position":2,"name":"Impressum"}]},{"@type":"WebSite","@id":"https:\/\/lagrotta-restaurant.de\/#website","url":"https:\/\/lagrotta-restaurant.de\/","name":"La Grotta Restaurant","description":"Im italienischen Restaurant La Grotta in Oberhausen genie\u00dfen Sie italienische Spezialit\u00e4ten in einem Ambiente mit mediterranem Flair.","publisher":{"@id":"https:\/\/lagrotta-restaurant.de\/#organization"},"potentialAction":[{"@type":"SearchAction","target":{"@type":"EntryPoint","urlTemplate":"https:\/\/lagrotta-restaurant.de\/?s={search_term_string}"},"query-input":{"@type":"PropertyValueSpecification","valueRequired":true,"valueName":"search_term_string"}}],"inLanguage":"de"},{"@type":"Organization","@id":"https:\/\/lagrotta-restaurant.de\/#organization","name":"La Grotta Restaurant","url":"https:\/\/lagrotta-restaurant.de\/","logo":{"@type":"ImageObject","inLanguage":"de","@id":"https:\/\/lagrotta-restaurant.de\/#\/schema\/logo\/image\/","url":"https:\/\/lagrotta-restaurant.de\/wp-content\/uploads\/2022\/07\/cropped-la-grotta-logo.jpg","contentUrl":"https:\/\/lagrotta-restaurant.de\/wp-content\/uploads\/2022\/07\/cropped-la-grotta-logo.jpg","width":889,"height":900,"caption":"La Grotta Restaurant"},"image":{"@id":"https:\/\/lagrotta-restaurant.de\/#\/schema\/logo\/image\/"},"sameAs":["https:\/\/www.facebook.com\/Lagrottaoberhausen","https:\/\/www.instagram.com\/lagrotta_ristorante\/"]}]}},"_links":{"self":[{"href":"https:\/\/lagrotta-restaurant.de\/index.php?rest_route=\/wp\/v2\/pages\/569","targetHints":{"allow":["GET"]}}],"collection":[{"href":"https:\/\/lagrotta-restaurant.de\/index.php?rest_route=\/wp\/v2\/pages"}],"about":[{"href":"https:\/\/lagrotta-restaurant.de\/index.php?rest_route=\/wp\/v2\/types\/page"}],"author":[{"embeddable":true,"href":"https:\/\/lagrotta-restaurant.de\/index.php?rest_route=\/wp\/v2\/users\/1"}],"replies":[{"embeddable":true,"href":"https:\/\/lagrotta-restaurant.de\/index.php?rest_route=%2Fwp%2Fv2%2Fcomments&post=569"}],"version-history":[{"count":15,"href":"https:\/\/lagrotta-restaurant.de\/index.php?rest_route=\/wp\/v2\/pages\/569\/revisions"}],"predecessor-version":[{"id":827,"href":"https:\/\/lagrotta-restaurant.de\/index.php?rest_route=\/wp\/v2\/pages\/569\/revisions\/827"}],"wp:featuredmedia":[{"embeddable":true,"href":"https:\/\/lagrotta-restaurant.de\/index.php?rest_route=\/wp\/v2\/media\/755"}],"wp:attachment":[{"href":"https:\/\/lagrotta-restaurant.de\/index.php?rest_route=%2Fwp%2Fv2%2Fmedia&parent=569"}],"curies":[{"name":"wp","href":"https:\/\/api.w.org\/{rel}","templated":true}]}}